{"id":11693,"date":"2024-05-23T18:27:27","date_gmt":"2024-05-23T17:27:27","guid":{"rendered":"https:\/\/develop.usrobot.pt\/?page_id=11693"},"modified":"2024-09-18T17:15:40","modified_gmt":"2024-09-18T16:15:40","slug":"informacoes-legais","status":"publish","type":"page","link":"https:\/\/usrobot.pt\/de\/informacoes-legais\/","title":{"rendered":"Rechtliche Informationen"},"content":{"rendered":"<div data-elementor-type=\"wp-page\" data-elementor-id=\"11693\" class=\"elementor elementor-11693\">\n\t\t\t\t<div class=\"elementor-element elementor-element-725e13f e-flex e-con-boxed e-con e-parent\" data-id=\"725e13f\" data-element_type=\"container\" data-settings=\"{&quot;aine_line_number&quot;:0}\">\n\t\t\t\t\t<div class=\"e-con-inner\">\n\t\t<div class=\"elementor-element elementor-element-f4000e7 e-con-full e-flex e-con e-child\" data-id=\"f4000e7\" data-element_type=\"container\" data-settings=\"{&quot;aine_line_number&quot;:0}\">\n\t\t<div class=\"elementor-element elementor-element-c30e9e2 e-flex e-con-boxed e-con e-child\" data-id=\"c30e9e2\" data-element_type=\"container\" data-settings=\"{&quot;aine_line_number&quot;:0}\">\n\t\t\t\t\t<div class=\"e-con-inner\">\n\t\t\t\t<div class=\"elementor-element elementor-element-53cf6ac elementor-widget elementor-widget-text-editor\" data-id=\"53cf6ac\" data-element_type=\"widget\" data-widget_type=\"text-editor.default\">\n\t\t\t\t<div class=\"elementor-widget-container\">\n\t\t\t<style>\/*! elementor - v3.21.0 - 08-05-2024 *\/\n.elementor-widget-text-editor.elementor-drop-cap-view-stacked .elementor-drop-cap{background-color:#69727d;color:#fff}.elementor-widget-text-editor.elementor-drop-cap-view-framed .elementor-drop-cap{color:#69727d;border:3px solid;background-color:transparent}.elementor-widget-text-editor:not(.elementor-drop-cap-view-default) .elementor-drop-cap{margin-top:8px}.elementor-widget-text-editor:not(.elementor-drop-cap-view-default) .elementor-drop-cap-letter{width:1em;height:1em}.elementor-widget-text-editor .elementor-drop-cap{float:left;text-align:center;line-height:1;font-size:50px}.elementor-widget-text-editor .elementor-drop-cap-letter{display:inline-block}<\/style>\t\t\t\t<h5 style=\"text-align: left;\"><span style=\"color: #ffffff;\">Angaben zum Unternehmen<\/span><\/h5><p><b>NIF :<\/b> 515 578 258<\/p><p style=\"text-align: left;\"><strong>Steuerliche Anschrift<\/strong><br \/>Industriegebiet Arneiro<br \/>Rua Cidade de Lisboa, N\u00ba14\u00a0<br \/>2660-456 Loures<\/p><p style=\"text-align: left;\"><strong>Fahrpl\u00e4ne<br \/><\/strong>Montag bis Freitag von 9 Uhr bis 13 Uhr und 14 Uhr bis 18 Uhr<\/p><p style=\"text-align: left;\"><strong>Kontakt<br \/><\/strong>Tel: (+351) 910 074 703 (Anruf im nationalen Mobilfunknetz)<br \/>Handelsabteilung Tel: (+351) 916 429 720 (Anruf im nationalen Mobilfunknetz)<br \/>E-Mail:<span style=\"color: #ffffff;\">\u00a0<a style=\"color: #ffffff;\" href=\"mailto:info@terastudio.pt\">usrobot@usrobot.pt<\/a><\/span><\/p><h5 style=\"text-align: left;\"><span style=\"color: #ffffff;\">Alternative Streitbeilegung<\/span><\/h5><p>Im Falle einer Streitigkeit kann sich der Verbraucher an eine alternative Streitbeilegungsstelle wenden:<\/p><p>Handeln im gesamten Staatsgebiet, in Gebieten, die nicht von einem anderen Schiedszentrum mit regionaler Zust\u00e4ndigkeit abgedeckt werden<br \/>Rua D. Afonso Henriques, 1<br \/>4700-030 Braga<br \/>Tel: 253 619 107<br \/>E-mai<span style=\"color: #ffffff;\">l:\u00a0<a style=\"color: #ffffff;\" href=\"mailto:geral@cniacc.pt\">geral@cniacc.pt<\/a><\/span><br \/><span style=\"color: #ffffff;\">Web:\u00a0<a style=\"color: #ffffff;\" href=\"https:\/\/www.cniacc.pt\/\" target=\"_blank\" rel=\"noopener noreferrer\">www.cniacc.pt<\/a><\/span><\/p><p>Weitere Informationen \u00fcber das Verbraucherportal<span style=\"color: #ffffff;\">\u00a0<a style=\"color: #ffffff;\" href=\"https:\/\/www.consumidor.gov.pt\/\" target=\"_blank\" rel=\"noopener noreferrer\">www.consumidor.gov.pt<\/a><\/span><\/p>\t\t\t\t\t\t<\/div>\n\t\t\t\t<\/div>\n\t\t\t\t\t<\/div>\n\t\t\t\t<\/div>\n\t\t\t\t<\/div>\n\t\t\t\t\t<\/div>\n\t\t\t\t<\/div>\n\t\t\t\t<\/div>","protected":false},"excerpt":{"rendered":"<p>Angaben zum Unternehmen Steuernummer: 515 578 258 Steuerliche AnschriftParque Ind\u00fastrial do ArneiroRua Cidade de Lisboa, N\u00ba14 2660-456 Loures \u00d6ffnungszeitenMontag bis Freitag von 9 bis 13 Uhr und von 14 bis 18 Uhr KontakteTel.: (+351) 910 074 703 (\u00fcber das nationale Mobilfunknetz)Tel Dept Comercial: (+351) 916 429 720 (\u00fcber das nationale Mobilfunknetz)E-Mail: usrobot@usrobot.pt Alternative Streitbeilegung [...]<\/p>","protected":false},"author":2,"featured_media":0,"parent":0,"menu_order":0,"comment_status":"closed","ping_status":"closed","template":"","meta":{"_acf_changed":false,"footnotes":""},"class_list":["post-11693","page","type-page","status-publish","hentry"],"acf":[],"yoast_head":"<!-- This site is optimized with the Yoast SEO plugin v22.7 - https:\/\/yoast.com\/wordpress\/plugins\/seo\/ -->\n<title>Informa\u00e7\u00f5es Legais - USRobot<\/title>\n<meta name=\"robots\" content=\"index, follow, max-snippet:-1, max-image-preview:large, max-video-preview:-1\" \/>\n<link rel=\"canonical\" href=\"https:\/\/usrobot.pt\/de\/informacoes-legais\/\" \/>\n<meta property=\"og:locale\" content=\"de_DE\" \/>\n<meta property=\"og:type\" content=\"article\" \/>\n<meta property=\"og:title\" content=\"Informa\u00e7\u00f5es Legais - USRobot\" \/>\n<meta property=\"og:description\" content=\"Dados da Empresa NIF : 515 578 258 Morada FiscalParque Ind\u00fastrial do ArneiroRua Cidade de Lisboa, N\u00ba14\u00a02660-456 Loures Hor\u00e1riosSegunda a Sexta das 9h \u00e0s 13h e das 14h \u00e0s 18h ContactosTel: (+351) 910 074 703 (chamada para rede m\u00f3vel nacional)Tel Dept Comercial: (+351) 916 429 720 (chamada para rede m\u00f3vel nacional)Email:\u00a0usrobot@usrobot.pt Resolu\u00e7\u00e3o Alternativa de Let\u00edgios [&hellip;]\" \/>\n<meta property=\"og:url\" content=\"https:\/\/usrobot.pt\/de\/informacoes-legais\/\" \/>\n<meta property=\"og:site_name\" content=\"USRobot\" \/>\n<meta property=\"article:publisher\" content=\"https:\/\/www.facebook.com\/usrobotpt\/\" \/>\n<meta property=\"article:modified_time\" content=\"2024-09-18T16:15:40+00:00\" \/>\n<meta property=\"og:image\" content=\"https:\/\/usrobot.pt\/wp-content\/uploads\/2024\/05\/cropped-418883173_699265772326816_8724676471182385037_n.jpg\" \/>\n\t<meta property=\"og:image:width\" content=\"512\" \/>\n\t<meta property=\"og:image:height\" content=\"512\" \/>\n\t<meta property=\"og:image:type\" content=\"image\/jpeg\" \/>\n<meta name=\"twitter:card\" content=\"summary_large_image\" \/>\n<meta name=\"twitter:label1\" content=\"Gesch\u00e4tzte Lesezeit\" \/>\n\t<meta name=\"twitter:data1\" content=\"1\u00a0Minute\" \/>\n<script type=\"application\/ld+json\" class=\"yoast-schema-graph\">{\"@context\":\"https:\/\/schema.org\",\"@graph\":[{\"@type\":\"WebPage\",\"@id\":\"https:\/\/usrobot.pt\/informacoes-legais\/\",\"url\":\"https:\/\/usrobot.pt\/informacoes-legais\/\",\"name\":\"Informa\u00e7\u00f5es Legais - USRobot\",\"isPartOf\":{\"@id\":\"https:\/\/usrobot.pt\/#website\"},\"datePublished\":\"2024-05-23T17:27:27+00:00\",\"dateModified\":\"2024-09-18T16:15:40+00:00\",\"breadcrumb\":{\"@id\":\"https:\/\/usrobot.pt\/informacoes-legais\/#breadcrumb\"},\"inLanguage\":\"de\",\"potentialAction\":[{\"@type\":\"ReadAction\",\"target\":[\"https:\/\/usrobot.pt\/informacoes-legais\/\"]}]},{\"@type\":\"BreadcrumbList\",\"@id\":\"https:\/\/usrobot.pt\/informacoes-legais\/#breadcrumb\",\"itemListElement\":[{\"@type\":\"ListItem\",\"position\":1,\"name\":\"Home\",\"item\":\"https:\/\/usrobot.pt\/\"},{\"@type\":\"ListItem\",\"position\":2,\"name\":\"Informa\u00e7\u00f5es Legais\"}]},{\"@type\":\"WebSite\",\"@id\":\"https:\/\/usrobot.pt\/#website\",\"url\":\"https:\/\/usrobot.pt\/\",\"name\":\"USRobot\",\"description\":\"Solu\u00e7\u00f5es de automa\u00e7\u00e3o e rob\u00f3tica\",\"publisher\":{\"@id\":\"https:\/\/usrobot.pt\/#organization\"},\"potentialAction\":[{\"@type\":\"SearchAction\",\"target\":{\"@type\":\"EntryPoint\",\"urlTemplate\":\"https:\/\/usrobot.pt\/?s={search_term_string}\"},\"query-input\":\"required name=search_term_string\"}],\"inLanguage\":\"de\"},{\"@type\":\"Organization\",\"@id\":\"https:\/\/usrobot.pt\/#organization\",\"name\":\"USRobot\",\"url\":\"https:\/\/usrobot.pt\/\",\"logo\":{\"@type\":\"ImageObject\",\"inLanguage\":\"de\",\"@id\":\"https:\/\/usrobot.pt\/#\/schema\/logo\/image\/\",\"url\":\"https:\/\/usrobot.pt\/wp-content\/uploads\/2024\/05\/cropped-418883173_699265772326816_8724676471182385037_n.jpg\",\"contentUrl\":\"https:\/\/usrobot.pt\/wp-content\/uploads\/2024\/05\/cropped-418883173_699265772326816_8724676471182385037_n.jpg\",\"width\":512,\"height\":512,\"caption\":\"USRobot\"},\"image\":{\"@id\":\"https:\/\/usrobot.pt\/#\/schema\/logo\/image\/\"},\"sameAs\":[\"https:\/\/www.facebook.com\/usrobotpt\/\",\"https:\/\/www.instagram.com\/usrobot_pt\/\",\"https:\/\/www.linkedin.com\/company\/usrobot\/?originalSubdomain=pt\"]}]}<\/script>\n<!-- \/ Yoast SEO plugin. -->","yoast_head_json":{"title":"Informa\u00e7\u00f5es Legais - USRobot","robots":{"index":"index","follow":"follow","max-snippet":"max-snippet:-1","max-image-preview":"max-image-preview:large","max-video-preview":"max-video-preview:-1"},"canonical":"https:\/\/usrobot.pt\/de\/informacoes-legais\/","og_locale":"de_DE","og_type":"article","og_title":"Informa\u00e7\u00f5es Legais - USRobot","og_description":"Dados da Empresa NIF : 515 578 258 Morada FiscalParque Ind\u00fastrial do ArneiroRua Cidade de Lisboa, N\u00ba14\u00a02660-456 Loures Hor\u00e1riosSegunda a Sexta das 9h \u00e0s 13h e das 14h \u00e0s 18h ContactosTel: (+351) 910 074 703 (chamada para rede m\u00f3vel nacional)Tel Dept Comercial: (+351) 916 429 720 (chamada para rede m\u00f3vel nacional)Email:\u00a0usrobot@usrobot.pt Resolu\u00e7\u00e3o Alternativa de Let\u00edgios [&hellip;]","og_url":"https:\/\/usrobot.pt\/de\/informacoes-legais\/","og_site_name":"USRobot","article_publisher":"https:\/\/www.facebook.com\/usrobotpt\/","article_modified_time":"2024-09-18T16:15:40+00:00","og_image":[{"width":512,"height":512,"url":"https:\/\/usrobot.pt\/wp-content\/uploads\/2024\/05\/cropped-418883173_699265772326816_8724676471182385037_n.jpg","type":"image\/jpeg"}],"twitter_card":"summary_large_image","twitter_misc":{"Gesch\u00e4tzte Lesezeit":"1\u00a0Minute"},"schema":{"@context":"https:\/\/schema.org","@graph":[{"@type":"WebPage","@id":"https:\/\/usrobot.pt\/informacoes-legais\/","url":"https:\/\/usrobot.pt\/informacoes-legais\/","name":"Informa\u00e7\u00f5es Legais - USRobot","isPartOf":{"@id":"https:\/\/usrobot.pt\/#website"},"datePublished":"2024-05-23T17:27:27+00:00","dateModified":"2024-09-18T16:15:40+00:00","breadcrumb":{"@id":"https:\/\/usrobot.pt\/informacoes-legais\/#breadcrumb"},"inLanguage":"de","potentialAction":[{"@type":"ReadAction","target":["https:\/\/usrobot.pt\/informacoes-legais\/"]}]},{"@type":"BreadcrumbList","@id":"https:\/\/usrobot.pt\/informacoes-legais\/#breadcrumb","itemListElement":[{"@type":"ListItem","position":1,"name":"Home","item":"https:\/\/usrobot.pt\/"},{"@type":"ListItem","position":2,"name":"Informa\u00e7\u00f5es Legais"}]},{"@type":"WebSite","@id":"https:\/\/usrobot.pt\/#website","url":"https:\/\/usrobot.pt\/","name":"USRobot","description":"Solu\u00e7\u00f5es de automa\u00e7\u00e3o e rob\u00f3tica","publisher":{"@id":"https:\/\/usrobot.pt\/#organization"},"potentialAction":[{"@type":"SearchAction","target":{"@type":"EntryPoint","urlTemplate":"https:\/\/usrobot.pt\/?s={search_term_string}"},"query-input":"required name=search_term_string"}],"inLanguage":"de"},{"@type":"Organization","@id":"https:\/\/usrobot.pt\/#organization","name":"USRobot","url":"https:\/\/usrobot.pt\/","logo":{"@type":"ImageObject","inLanguage":"de","@id":"https:\/\/usrobot.pt\/#\/schema\/logo\/image\/","url":"https:\/\/usrobot.pt\/wp-content\/uploads\/2024\/05\/cropped-418883173_699265772326816_8724676471182385037_n.jpg","contentUrl":"https:\/\/usrobot.pt\/wp-content\/uploads\/2024\/05\/cropped-418883173_699265772326816_8724676471182385037_n.jpg","width":512,"height":512,"caption":"USRobot"},"image":{"@id":"https:\/\/usrobot.pt\/#\/schema\/logo\/image\/"},"sameAs":["https:\/\/www.facebook.com\/usrobotpt\/","https:\/\/www.instagram.com\/usrobot_pt\/","https:\/\/www.linkedin.com\/company\/usrobot\/?originalSubdomain=pt"]}]}},"_links":{"self":[{"href":"https:\/\/usrobot.pt\/de\/wp-json\/wp\/v2\/pages\/11693","targetHints":{"allow":["GET"]}}],"collection":[{"href":"https:\/\/usrobot.pt\/de\/wp-json\/wp\/v2\/pages"}],"about":[{"href":"https:\/\/usrobot.pt\/de\/wp-json\/wp\/v2\/types\/page"}],"author":[{"embeddable":true,"href":"https:\/\/usrobot.pt\/de\/wp-json\/wp\/v2\/users\/2"}],"replies":[{"embeddable":true,"href":"https:\/\/usrobot.pt\/de\/wp-json\/wp\/v2\/comments?post=11693"}],"version-history":[{"count":11,"href":"https:\/\/usrobot.pt\/de\/wp-json\/wp\/v2\/pages\/11693\/revisions"}],"predecessor-version":[{"id":11850,"href":"https:\/\/usrobot.pt\/de\/wp-json\/wp\/v2\/pages\/11693\/revisions\/11850"}],"wp:attachment":[{"href":"https:\/\/usrobot.pt\/de\/wp-json\/wp\/v2\/media?parent=11693"}],"curies":[{"name":"wp","href":"https:\/\/api.w.org\/{rel}","templated":true}]}}