{"id":11627,"date":"2024-05-22T22:20:35","date_gmt":"2024-05-22T21:20:35","guid":{"rendered":"https:\/\/develop.usrobot.pt\/?page_id=11627"},"modified":"2024-05-23T18:24:59","modified_gmt":"2024-05-23T17:24:59","slug":"politica-privacidade","status":"publish","type":"page","link":"https:\/\/usrobot.pt\/es\/politica-privacidade\/","title":{"rendered":"Pol\u00edtica de privacidad"},"content":{"rendered":"<div data-elementor-type=\"wp-page\" data-elementor-id=\"11627\" class=\"elementor elementor-11627\">\n\t\t\t\t<div class=\"elementor-element elementor-element-83c069f e-con-full e-flex e-con e-parent\" data-id=\"83c069f\" data-element_type=\"container\" data-settings=\"{&quot;aine_line_number&quot;:0}\">\n\t\t<div class=\"elementor-element elementor-element-4ea67fa e-flex e-con-boxed e-con e-child\" data-id=\"4ea67fa\" data-element_type=\"container\" data-settings=\"{&quot;aine_line_number&quot;:0}\">\n\t\t\t\t\t<div class=\"e-con-inner\">\n\t\t\t\t<div class=\"elementor-element elementor-element-5891d5a elementor-widget elementor-widget-text-editor\" data-id=\"5891d5a\" data-element_type=\"widget\" data-widget_type=\"text-editor.default\">\n\t\t\t\t<div class=\"elementor-widget-container\">\n\t\t\t<style>\/*! elementor - v3.21.0 - 08-05-2024 *\/\n.elementor-widget-text-editor.elementor-drop-cap-view-stacked .elementor-drop-cap{background-color:#69727d;color:#fff}.elementor-widget-text-editor.elementor-drop-cap-view-framed .elementor-drop-cap{color:#69727d;border:3px solid;background-color:transparent}.elementor-widget-text-editor:not(.elementor-drop-cap-view-default) .elementor-drop-cap{margin-top:8px}.elementor-widget-text-editor:not(.elementor-drop-cap-view-default) .elementor-drop-cap-letter{width:1em;height:1em}.elementor-widget-text-editor .elementor-drop-cap{float:left;text-align:center;line-height:1;font-size:50px}.elementor-widget-text-editor .elementor-drop-cap-letter{display:inline-block}<\/style>\t\t\t\t<p>El objetivo de este documento es informarle de que USROBOT, LDA, con CIF 515 578 258 y domicilio social en Rua Cidade de Lisboa, N 14, parque insdustrial do arneiro 2660-456 Loures, conocida como USROBOT, respeta la privacidad de los visitantes de su sitio web y toma todas las precauciones para proteger su informaci\u00f3n, ofreci\u00e9ndole una visi\u00f3n general de c\u00f3mo procesamos los datos, de conformidad con lo dispuesto en el Reglamento (UE) 2016\/679 del Parlamento Europeo y del Consejo - Reglamento General de Protecci\u00f3n de Datos (RGPD). Por lo tanto, esta pol\u00edtica de privacidad tiene por objeto aclarar la informaci\u00f3n personal que recopilamos y c\u00f3mo podemos utilizarla, as\u00ed como aclarar las normas de seguridad adoptadas para proteger la identidad y los datos personales de los visitantes cuando utilizan nuestro sitio web. La gran mayor\u00eda de los datos recogidos ser\u00e1n procesados y tratados de acuerdo con los servicios solicitados y previamente acordados entre el cliente y nuestra empresa. Al acceder o continuar en nuestro sitio web, usted acepta la pol\u00edtica aqu\u00ed expuesta. Puede obtener m\u00e1s informaci\u00f3n sobre toda la normativa de las nuevas leyes de protecci\u00f3n de datos en: <span style=\"color: #00ffff;\"><a style=\"color: #00ffff;\" href=\"https:\/\/commission.europa.eu\/law\/law-topic\/data-protection\/eu-data-protection-rules_en\">Nuevo Reglamento de protecci\u00f3n de datos<\/a><\/span><\/p><h6><span style=\"color: #ffffff;\">- Qu\u00e9 tipo de informaci\u00f3n recogemos:<\/span><\/h6><p>Se pueden solicitar datos personales como el nombre, el n\u00famero de tel\u00e9fono y la direcci\u00f3n de correo electr\u00f3nico del visitante cuando rellena el formulario de contacto como empleado, demandante de empleo, formador, cliente, proveedor, visitante, etc. y\/o cuando env\u00eda correos electr\u00f3nicos a nuestros servicios.<\/p><h6><span style=\"color: #ffffff;\">- Uso de la informaci\u00f3n de los visitantes:<\/span><\/h6><p>Toda la informaci\u00f3n personal que obtengamos se registrar\u00e1, utilizar\u00e1 y proteger\u00e1 de acuerdo con la legislaci\u00f3n vigente sobre protecci\u00f3n de datos de la UE y la presente pol\u00edtica de privacidad. La finalidad de los datos recogidos es enviar informaci\u00f3n por correo electr\u00f3nico sobre nuestros productos\/servicios o responder a la solicitud de un visitante, como por ejemplo un presupuesto. S\u00f3lo se env\u00eda informaci\u00f3n cuando el interesado ha solicitado expresamente que USROBOT le env\u00ede un correo electr\u00f3nico.<\/p><h6><span style=\"color: #ffffff;\">- Protecci\u00f3n de la informaci\u00f3n de los visitantes:<\/span><\/h6><p>La informaci\u00f3n que los visitantes facilitan a trav\u00e9s de nuestro sitio web est\u00e1 protegida en el marco de la aplicaci\u00f3n de diversas medidas de seguridad, concretamente mediante el acceso condicional y la salvaguarda de la confidencialidad de la informaci\u00f3n. No obstante, USROBOT advierte a los visitantes de que, al facilitar informaci\u00f3n personal en l\u00ednea, existe el riesgo de que terceros intercepten y utilicen dicha informaci\u00f3n, por lo que, en lo que respecta a la seguridad de cualquier dato que revele en l\u00ednea, lo hace bajo su propia responsabilidad.<\/p><h6><span style=\"color: #ffffff;\">- Privacidad de los menores:<\/span><\/h6><p>USROBOT se compromete a proteger la privacidad de los ni\u00f1os y j\u00f3venes y, por lo tanto, no acepta datos personales de menores de 16 a\u00f1os. Cualquier informaci\u00f3n registrada por un ni\u00f1o o joven menor de esta edad ser\u00e1 destruida inmediatamente.<\/p><h6><span style=\"color: #ffffff;\">- P\u00f3ngase en contacto con nosotros:<\/span><\/h6><p>Si los visitantes tienen alguna pregunta o comentario sobre nuestro sitio web y\/o nuestra pol\u00edtica de privacidad, deben enviarlos por escrito a la direcci\u00f3n postal o por correo electr\u00f3nico a la direcci\u00f3n de correo electr\u00f3nico de nuestro sitio web.<\/p><h6><span style=\"color: #ffffff;\">- Consentimiento del interesado:<\/span><\/h6><p>Al utilizar nuestro sitio web, usted confirma que acepta los t\u00e9rminos de esta Pol\u00edtica de Privacidad, as\u00ed como nuestros T\u00e9rminos y Condiciones. Si no est\u00e1 de acuerdo con los t\u00e9rminos de nuestra Pol\u00edtica de Privacidad y nuestros T\u00e9rminos y Condiciones, le rogamos que no nos facilite informaci\u00f3n personal y que deje de utilizar nuestro Sitio Web.<\/p><h6><span style=\"color: #ffffff;\">- Derechos del interesado:<\/span><\/h6><p>El interesado tiene derecho a recibir una copia de los datos personales que obran en poder de USROBOT, simplemente solicit\u00e1ndolo a trav\u00e9s de los medios convencionales descritos anteriormente.<\/p><h6><span style=\"color: #ffffff;\">- Pol\u00edtica de privacidad:<\/span><\/h6><p>La pol\u00edtica de privacidad en l\u00ednea s\u00f3lo se aplica a la informaci\u00f3n recogida a trav\u00e9s de nuestro sitio web y no a la informaci\u00f3n recogida fuera de l\u00ednea. Est\u00e1 sujeta a otros principios legales y\/o reglamentarios que puede consultar poni\u00e9ndose en contacto con nuestra empresa.<\/p><h6><span style=\"color: #ffffff;\">- Resoluci\u00f3n alternativa de litigios (RAL):<\/span><\/h6><p>Entidad RALC (art.18 de la ley n\u00ba 144\/2015) En caso de litigio, el consumidor puede acudir a una Entidad Alternativa de Resoluci\u00f3n de Conflictos (RALC): CNIACC - Centro Nacional de Informa\u00e7\u00e3o e Arbitragem de Conflitos de Consumo Direcci\u00f3n: Faculdade de Direito da Universidade Nova de Lisboa, Campus de Campolide, 1099-032 Lisboa Tel\u00e9fono: 21 384 74 84 Correo electr\u00f3nico: cniacc@fd.unl.pt P\u00e1gina web: www.arbitragemdeconsumo.org\/ Facebook: www.facebook.com\/cniacc Informaci\u00f3n en el Portal del Consumidor: www.consumidor.pt<\/p><h4 style=\"text-align: center;\"><span style=\"color: #00ffff;\">\u00a0COOKIES<br \/><\/span><\/h4><p>USROBOT utiliza cookies propias y de terceros para mejorar su experiencia en l\u00ednea mediante el an\u00e1lisis de los datos de navegaci\u00f3n por su sitio web.<\/p><p><strong>Definici\u00f3n y funci\u00f3n de las cookies :<\/strong> \u00bfQu\u00e9 son las cookies? Una cookie es un fichero que se descarga en su ordenador, tel\u00e9fono m\u00f3vil u otro dispositivo (en lo sucesivo, \"dispositivo\") cuando accede a nuestro sitio web. La cookie nos permite almacenar y recuperar informaci\u00f3n sobre sus h\u00e1bitos de navegaci\u00f3n, a saber, el n\u00famero de p\u00e1ginas que visita, el idioma utilizado, identificar la ubicaci\u00f3n desde la que accede, la frecuencia y el n\u00famero de visitas, la duraci\u00f3n de la visita, el navegador o el equipo con el que visita el sitio web.<\/p><p><strong>Renovaci\u00f3n y eliminaci\u00f3n de Cookies : <\/strong>Todos los navegadores permiten al usuario aceptar, rechazar o eliminar las cookies seleccionando la configuraci\u00f3n avanzada del navegador. Las cookies pueden configurarse en el men\u00fa \"opciones\" o \"preferencias\". No obstante, tenga en cuenta que desactivar las cookies puede impedir el correcto funcionamiento de algunos servicios web y afectar parcial o totalmente a su navegaci\u00f3n por el sitio web.<br \/>Puede configurar su navegador para que las cookies no se almacenen en su disco duro o para que se eliminen las cookies almacenadas anteriormente.<br \/>Para m\u00e1s informaci\u00f3n sobre c\u00f3mo configurar su navegador de Internet, consulte las instrucciones sobre bloqueo y eliminaci\u00f3n de cookies en la funci\u00f3n de ayuda de su navegador o p\u00f3ngase en contacto directamente con el fabricante del software correspondiente.<\/p><p><strong>Actualizaci\u00f3n de la pol\u00edtica de cookies : <\/strong>La pol\u00edtica de cookies puede modificarse en cualquier momento de conformidad con el nuevo GDPR, por lo que le aconsejamos que compruebe su contenido con regularidad.<\/p><p><strong>Enlaces a otros sitios web:<\/strong>Nuestros servicios en l\u00ednea contienen hiperv\u00ednculos a otros sitios web. Los avisos sobre protecci\u00f3n de datos aqu\u00ed presentados s\u00f3lo se aplican a nuestro sitio web. Por favor, consulte las pol\u00edticas de protecci\u00f3n de datos de los sitios enlazados. No asumimos ninguna responsabilidad por los contenidos de terceros puestos a disposici\u00f3n e identificados espec\u00edficamente a trav\u00e9s de los hiperv\u00ednculos. S\u00f3lo el propietario del sitio web enlazado es responsable de los contenidos ilegales, incorrectos o incompletos, as\u00ed como de los da\u00f1os derivados del uso o no uso de la informaci\u00f3n.<\/p><p>USROBOT s\u00f3lo ser\u00e1 responsable de los contenidos de terceros si tiene conocimiento de que \u00e9stos son posiblemente ilegales o il\u00edcitos y es t\u00e9cnicamente posible y factible impedir su uso.<br \/><strong>Al utilizar nuestra plataforma, usted acepta impl\u00edcitamente nuestra Pol\u00edtica de privacidad.<\/strong><\/p><p>\u00a0<\/p>\t\t\t\t\t\t<\/div>\n\t\t\t\t<\/div>\n\t\t\t\t\t<\/div>\n\t\t\t\t<\/div>\n\t\t\t\t<\/div>\n\t\t\t\t<\/div>","protected":false},"excerpt":{"rendered":"<p>El presente documento tiene por objeto informarle de que USROBOT, LDA, con n\u00famero de IVA 515 578 258, con domicilio social en Rua Cidade de Lisboa, N 14, parque insdustrial do arneiro 2660-456 Loures, conocida como USROBOT, respeta la privacidad de los visitantes de su sitio web y toma todas las precauciones para proteger su informaci\u00f3n, [...].<\/p>","protected":false},"author":2,"featured_media":0,"parent":0,"menu_order":0,"comment_status":"closed","ping_status":"closed","template":"","meta":{"_acf_changed":false,"footnotes":""},"class_list":["post-11627","page","type-page","status-publish","hentry"],"acf":[],"yoast_head":"<!-- This site is optimized with the Yoast SEO plugin v22.7 - https:\/\/yoast.com\/wordpress\/plugins\/seo\/ -->\n<title>Pol\u00edtica de Privacidade - USRobot<\/title>\n<meta name=\"robots\" content=\"index, follow, max-snippet:-1, max-image-preview:large, max-video-preview:-1\" \/>\n<link rel=\"canonical\" href=\"https:\/\/usrobot.pt\/es\/politica-privacidade\/\" \/>\n<meta property=\"og:locale\" content=\"es_ES\" \/>\n<meta property=\"og:type\" content=\"article\" \/>\n<meta property=\"og:title\" content=\"Pol\u00edtica de Privacidade - USRobot\" \/>\n<meta property=\"og:description\" content=\"Este documento visa informar que a USROBOT, LDA\u00a0 com o NIF 515 578 258 sede na Rua Cidade de Lisboa, N 14, parque insdustrial do arneiro 2660-456 Loures designado por USROBOT, respeita a privacidade dos visitantes do seu Website e empreende todos os cuidados para proteger as suas informa\u00e7\u00f5es, dando-lhe aqui uma perspetiva geral da [&hellip;]\" \/>\n<meta property=\"og:url\" content=\"https:\/\/usrobot.pt\/es\/politica-privacidade\/\" \/>\n<meta property=\"og:site_name\" content=\"USRobot\" \/>\n<meta property=\"article:publisher\" content=\"https:\/\/www.facebook.com\/usrobotpt\/\" \/>\n<meta property=\"article:modified_time\" content=\"2024-05-23T17:24:59+00:00\" \/>\n<meta property=\"og:image\" content=\"https:\/\/usrobot.pt\/wp-content\/uploads\/2024\/05\/cropped-418883173_699265772326816_8724676471182385037_n.jpg\" \/>\n\t<meta property=\"og:image:width\" content=\"512\" \/>\n\t<meta property=\"og:image:height\" content=\"512\" \/>\n\t<meta property=\"og:image:type\" content=\"image\/jpeg\" \/>\n<meta name=\"twitter:card\" content=\"summary_large_image\" \/>\n<meta name=\"twitter:label1\" content=\"Tiempo de lectura\" \/>\n\t<meta name=\"twitter:data1\" content=\"7 minutos\" \/>\n<script type=\"application\/ld+json\" class=\"yoast-schema-graph\">{\"@context\":\"https:\/\/schema.org\",\"@graph\":[{\"@type\":\"WebPage\",\"@id\":\"https:\/\/usrobot.pt\/politica-privacidade\/\",\"url\":\"https:\/\/usrobot.pt\/politica-privacidade\/\",\"name\":\"Pol\u00edtica de Privacidade - USRobot\",\"isPartOf\":{\"@id\":\"https:\/\/usrobot.pt\/#website\"},\"datePublished\":\"2024-05-22T21:20:35+00:00\",\"dateModified\":\"2024-05-23T17:24:59+00:00\",\"breadcrumb\":{\"@id\":\"https:\/\/usrobot.pt\/politica-privacidade\/#breadcrumb\"},\"inLanguage\":\"es\",\"potentialAction\":[{\"@type\":\"ReadAction\",\"target\":[\"https:\/\/usrobot.pt\/politica-privacidade\/\"]}]},{\"@type\":\"BreadcrumbList\",\"@id\":\"https:\/\/usrobot.pt\/politica-privacidade\/#breadcrumb\",\"itemListElement\":[{\"@type\":\"ListItem\",\"position\":1,\"name\":\"Home\",\"item\":\"https:\/\/usrobot.pt\/\"},{\"@type\":\"ListItem\",\"position\":2,\"name\":\"Pol\u00edtica de Privacidade\"}]},{\"@type\":\"WebSite\",\"@id\":\"https:\/\/usrobot.pt\/#website\",\"url\":\"https:\/\/usrobot.pt\/\",\"name\":\"USRobot\",\"description\":\"Solu\u00e7\u00f5es de automa\u00e7\u00e3o e rob\u00f3tica\",\"publisher\":{\"@id\":\"https:\/\/usrobot.pt\/#organization\"},\"potentialAction\":[{\"@type\":\"SearchAction\",\"target\":{\"@type\":\"EntryPoint\",\"urlTemplate\":\"https:\/\/usrobot.pt\/?s={search_term_string}\"},\"query-input\":\"required name=search_term_string\"}],\"inLanguage\":\"es\"},{\"@type\":\"Organization\",\"@id\":\"https:\/\/usrobot.pt\/#organization\",\"name\":\"USRobot\",\"url\":\"https:\/\/usrobot.pt\/\",\"logo\":{\"@type\":\"ImageObject\",\"inLanguage\":\"es\",\"@id\":\"https:\/\/usrobot.pt\/#\/schema\/logo\/image\/\",\"url\":\"https:\/\/usrobot.pt\/wp-content\/uploads\/2024\/05\/cropped-418883173_699265772326816_8724676471182385037_n.jpg\",\"contentUrl\":\"https:\/\/usrobot.pt\/wp-content\/uploads\/2024\/05\/cropped-418883173_699265772326816_8724676471182385037_n.jpg\",\"width\":512,\"height\":512,\"caption\":\"USRobot\"},\"image\":{\"@id\":\"https:\/\/usrobot.pt\/#\/schema\/logo\/image\/\"},\"sameAs\":[\"https:\/\/www.facebook.com\/usrobotpt\/\",\"https:\/\/www.instagram.com\/usrobot_pt\/\",\"https:\/\/www.linkedin.com\/company\/usrobot\/?originalSubdomain=pt\"]}]}<\/script>\n<!-- \/ Yoast SEO plugin. -->","yoast_head_json":{"title":"Pol\u00edtica de Privacidade - USRobot","robots":{"index":"index","follow":"follow","max-snippet":"max-snippet:-1","max-image-preview":"max-image-preview:large","max-video-preview":"max-video-preview:-1"},"canonical":"https:\/\/usrobot.pt\/es\/politica-privacidade\/","og_locale":"es_ES","og_type":"article","og_title":"Pol\u00edtica de Privacidade - USRobot","og_description":"Este documento visa informar que a USROBOT, LDA\u00a0 com o NIF 515 578 258 sede na Rua Cidade de Lisboa, N 14, parque insdustrial do arneiro 2660-456 Loures designado por USROBOT, respeita a privacidade dos visitantes do seu Website e empreende todos os cuidados para proteger as suas informa\u00e7\u00f5es, dando-lhe aqui uma perspetiva geral da [&hellip;]","og_url":"https:\/\/usrobot.pt\/es\/politica-privacidade\/","og_site_name":"USRobot","article_publisher":"https:\/\/www.facebook.com\/usrobotpt\/","article_modified_time":"2024-05-23T17:24:59+00:00","og_image":[{"width":512,"height":512,"url":"https:\/\/usrobot.pt\/wp-content\/uploads\/2024\/05\/cropped-418883173_699265772326816_8724676471182385037_n.jpg","type":"image\/jpeg"}],"twitter_card":"summary_large_image","twitter_misc":{"Tiempo de lectura":"7 minutos"},"schema":{"@context":"https:\/\/schema.org","@graph":[{"@type":"WebPage","@id":"https:\/\/usrobot.pt\/politica-privacidade\/","url":"https:\/\/usrobot.pt\/politica-privacidade\/","name":"Pol\u00edtica de Privacidade - USRobot","isPartOf":{"@id":"https:\/\/usrobot.pt\/#website"},"datePublished":"2024-05-22T21:20:35+00:00","dateModified":"2024-05-23T17:24:59+00:00","breadcrumb":{"@id":"https:\/\/usrobot.pt\/politica-privacidade\/#breadcrumb"},"inLanguage":"es","potentialAction":[{"@type":"ReadAction","target":["https:\/\/usrobot.pt\/politica-privacidade\/"]}]},{"@type":"BreadcrumbList","@id":"https:\/\/usrobot.pt\/politica-privacidade\/#breadcrumb","itemListElement":[{"@type":"ListItem","position":1,"name":"Home","item":"https:\/\/usrobot.pt\/"},{"@type":"ListItem","position":2,"name":"Pol\u00edtica de Privacidade"}]},{"@type":"WebSite","@id":"https:\/\/usrobot.pt\/#website","url":"https:\/\/usrobot.pt\/","name":"USRobot","description":"Solu\u00e7\u00f5es de automa\u00e7\u00e3o e rob\u00f3tica","publisher":{"@id":"https:\/\/usrobot.pt\/#organization"},"potentialAction":[{"@type":"SearchAction","target":{"@type":"EntryPoint","urlTemplate":"https:\/\/usrobot.pt\/?s={search_term_string}"},"query-input":"required name=search_term_string"}],"inLanguage":"es"},{"@type":"Organization","@id":"https:\/\/usrobot.pt\/#organization","name":"USRobot","url":"https:\/\/usrobot.pt\/","logo":{"@type":"ImageObject","inLanguage":"es","@id":"https:\/\/usrobot.pt\/#\/schema\/logo\/image\/","url":"https:\/\/usrobot.pt\/wp-content\/uploads\/2024\/05\/cropped-418883173_699265772326816_8724676471182385037_n.jpg","contentUrl":"https:\/\/usrobot.pt\/wp-content\/uploads\/2024\/05\/cropped-418883173_699265772326816_8724676471182385037_n.jpg","width":512,"height":512,"caption":"USRobot"},"image":{"@id":"https:\/\/usrobot.pt\/#\/schema\/logo\/image\/"},"sameAs":["https:\/\/www.facebook.com\/usrobotpt\/","https:\/\/www.instagram.com\/usrobot_pt\/","https:\/\/www.linkedin.com\/company\/usrobot\/?originalSubdomain=pt"]}]}},"_links":{"self":[{"href":"https:\/\/usrobot.pt\/es\/wp-json\/wp\/v2\/pages\/11627","targetHints":{"allow":["GET"]}}],"collection":[{"href":"https:\/\/usrobot.pt\/es\/wp-json\/wp\/v2\/pages"}],"about":[{"href":"https:\/\/usrobot.pt\/es\/wp-json\/wp\/v2\/types\/page"}],"author":[{"embeddable":true,"href":"https:\/\/usrobot.pt\/es\/wp-json\/wp\/v2\/users\/2"}],"replies":[{"embeddable":true,"href":"https:\/\/usrobot.pt\/es\/wp-json\/wp\/v2\/comments?post=11627"}],"version-history":[{"count":40,"href":"https:\/\/usrobot.pt\/es\/wp-json\/wp\/v2\/pages\/11627\/revisions"}],"predecessor-version":[{"id":11700,"href":"https:\/\/usrobot.pt\/es\/wp-json\/wp\/v2\/pages\/11627\/revisions\/11700"}],"wp:attachment":[{"href":"https:\/\/usrobot.pt\/es\/wp-json\/wp\/v2\/media?parent=11627"}],"curies":[{"name":"wp","href":"https:\/\/api.w.org\/{rel}","templated":true}]}}