{"id":11627,"date":"2024-05-22T22:20:35","date_gmt":"2024-05-22T21:20:35","guid":{"rendered":"https:\/\/develop.usrobot.pt\/?page_id=11627"},"modified":"2024-05-23T18:24:59","modified_gmt":"2024-05-23T17:24:59","slug":"politica-privacidade","status":"publish","type":"page","link":"https:\/\/usrobot.pt\/it\/politica-privacidade\/","title":{"rendered":"Informativa sulla privacy"},"content":{"rendered":"<div data-elementor-type=\"wp-page\" data-elementor-id=\"11627\" class=\"elementor elementor-11627\">\n\t\t\t\t<div class=\"elementor-element elementor-element-83c069f e-con-full e-flex e-con e-parent\" data-id=\"83c069f\" data-element_type=\"container\" data-settings=\"{&quot;aine_line_number&quot;:0}\">\n\t\t<div class=\"elementor-element elementor-element-4ea67fa e-flex e-con-boxed e-con e-child\" data-id=\"4ea67fa\" data-element_type=\"container\" data-settings=\"{&quot;aine_line_number&quot;:0}\">\n\t\t\t\t\t<div class=\"e-con-inner\">\n\t\t\t\t<div class=\"elementor-element elementor-element-5891d5a elementor-widget elementor-widget-text-editor\" data-id=\"5891d5a\" data-element_type=\"widget\" data-widget_type=\"text-editor.default\">\n\t\t\t\t<div class=\"elementor-widget-container\">\n\t\t\t<style>\/*! elementor - v3.21.0 - 08-05-2024 *\/\n.elementor-widget-text-editor.elementor-drop-cap-view-stacked .elementor-drop-cap{background-color:#69727d;color:#fff}.elementor-widget-text-editor.elementor-drop-cap-view-framed .elementor-drop-cap{color:#69727d;border:3px solid;background-color:transparent}.elementor-widget-text-editor:not(.elementor-drop-cap-view-default) .elementor-drop-cap{margin-top:8px}.elementor-widget-text-editor:not(.elementor-drop-cap-view-default) .elementor-drop-cap-letter{width:1em;height:1em}.elementor-widget-text-editor .elementor-drop-cap{float:left;text-align:center;line-height:1;font-size:50px}.elementor-widget-text-editor .elementor-drop-cap-letter{display:inline-block}<\/style>\t\t\t\t<p>Lo scopo di questo documento \u00e8 quello di informare che USROBOT, LDA, con partita IVA 515 578 258 e sede legale in Rua Cidade de Lisboa, N 14, parque insdustrial do arneiro 2660-456 Loures, nota come USROBOT, rispetta la privacy dei visitatori del proprio sito web e adotta ogni cura per proteggere le loro informazioni, fornendo una panoramica di come trattiamo i dati, in conformit\u00e0 con le disposizioni del Regolamento (UE) 2016\/679 del Parlamento europeo e del Consiglio - General Data Protection Regulation (GDPR). La presente informativa sulla privacy consiste quindi nel fornire chiarimenti sui dati personali che raccogliamo e su come possiamo utilizzarli, oltre a chiarire gli standard di sicurezza adottati per proteggere l'identit\u00e0 e i dati personali dei visitatori quando utilizzano il nostro sito web. La maggior parte dei dati raccolti verr\u00e0 elaborata e trattata in conformit\u00e0 ai servizi richiesti e precedentemente concordati tra il cliente e la nostra azienda. Accedendo o continuando a visitare il nostro sito web, l'utente accetta la politica qui esposta. Per saperne di pi\u00f9 su tutte le norme della nuova legge sulla protezione dei dati personali, consultare il sito: <span style=\"color: #00ffff;\"><a style=\"color: #00ffff;\" href=\"https:\/\/commission.europa.eu\/law\/law-topic\/data-protection\/eu-data-protection-rules_en\">Nuovo regolamento sulla protezione dei dati<\/a><\/span><\/p><h6><span style=\"color: #ffffff;\">- Che tipo di informazioni raccogliamo:<\/span><\/h6><p>I dati personali, come il nome, il numero di telefono e l'indirizzo e-mail del visitatore, possono essere richiesti quando questi compila il modulo di contatto come dipendente, persona in cerca di lavoro, formatore, cliente, fornitore, visitatore, ecc. e\/o quando invia e-mail ai nostri servizi.<\/p><h6><span style=\"color: #ffffff;\">- Utilizzo delle informazioni dei visitatori:<\/span><\/h6><p>Tutte le informazioni personali ottenute saranno registrate, utilizzate e protette in conformit\u00e0 con la legislazione vigente dell'UE in materia di protezione dei dati e con la presente informativa sulla privacy. Lo scopo dei dati raccolti \u00e8 quello di inviare informazioni via e-mail sui nostri prodotti\/servizi o di rispondere alla richiesta di un visitatore, ad esempio per un preventivo. Le informazioni vengono inviate solo quando l'interessato ha espressamente richiesto l'invio di un'e-mail da parte di USROBOT.<\/p><h6><span style=\"color: #ffffff;\">- Protezione delle informazioni dei visitatori:<\/span><\/h6><p>Le informazioni fornite dai visitatori attraverso il nostro sito web sono protette nell'ambito dell'attuazione di varie misure di sicurezza, in particolare attraverso l'accesso condizionato e la salvaguardia della riservatezza delle informazioni. Tuttavia, USROBOT avverte i visitatori che, fornendo informazioni personali online, esiste il rischio che terzi possano intercettare e utilizzare tali informazioni; pertanto, per quanto riguarda la sicurezza dei dati divulgati online, l'utente lo fa a proprio rischio.<\/p><h6><span style=\"color: #ffffff;\">- Privacy dei minori:<\/span><\/h6><p>USROBOT si impegna a proteggere la privacy di bambini e ragazzi e pertanto non accetta dati personali da minori di 16 anni. Qualsiasi informazione registrata da un bambino o da un giovane al di sotto di questa et\u00e0 sar\u00e0 immediatamente distrutta.<\/p><h6><span style=\"color: #ffffff;\">- Contattateci:<\/span><\/h6><p>Se i visitatori hanno domande o commenti sul nostro sito web e\/o sulla nostra politica sulla privacy, devono inviarli per iscritto all'indirizzo postale o per e-mail all'indirizzo di posta elettronica sul nostro sito web.<\/p><h6><span style=\"color: #ffffff;\">- Consenso dell'interessato:<\/span><\/h6><p>Utilizzando il nostro sito web, l'utente conferma di accettare i termini della presente Informativa sulla privacy e i nostri Termini e condizioni. Se l'utente non \u00e8 d'accordo con i termini della nostra Informativa sulla privacy e con i nostri Termini e condizioni, \u00e8 pregato di non fornirci informazioni personali e di cessare di utilizzare il nostro sito web.<\/p><h6><span style=\"color: #ffffff;\">- Diritti dell'interessato:<\/span><\/h6><p>L'interessato ha il diritto di ricevere una copia dei dati personali in possesso di USROBOT, semplicemente richiedendola attraverso i mezzi convenzionali sopra descritti.<\/p><h6><span style=\"color: #ffffff;\">- Informativa sulla privacy:<\/span><\/h6><p>L'informativa sulla privacy online si applica solo alle informazioni raccolte tramite il nostro sito web e non a quelle raccolte offline. \u00c8 soggetta ad altri principi legali e\/o normativi che potete consultare contattando la nostra azienda.<\/p><h6><span style=\"color: #ffffff;\">- Risoluzione alternativa delle controversie (ADR):<\/span><\/h6><p>Entit\u00e0 RALC (art.18 della legge n. 144\/2015) In caso di controversia, il consumatore pu\u00f2 rivolgersi a un'Entit\u00e0 di risoluzione alternativa delle controversie (RALC): CNIACC - Centro Nacional de Informa\u00e7\u00e3o e Arbitragem de Conflitos de Consumo Indirizzo: Faculdade de Direito da Universidade Nova de Lisboa, Campus de Campolide, 1099-032 Lisboa Telefono: 21 384 74 84 E-mail: cniacc@fd.unl.pt Sito web: www.arbitragemdeconsumo.org\/ Facebook: www.facebook.com\/cniacc Informazioni sul portale del consumatore: www.consumidor.pt<\/p><h4 style=\"text-align: center;\"><span style=\"color: #00ffff;\">\u00a0COCCOLE<br \/><\/span><\/h4><p>USROBOT utilizza cookie propri e di terzi per migliorare l'esperienza online dell'utente, analizzando i dati relativi alla navigazione sul proprio sito web.<\/p><p><strong>Definizione e funzione dei cookie :<\/strong> Cosa sono i cookie? Un cookie \u00e8 un file che viene scaricato dal computer, dal telefono cellulare o da un altro dispositivo (in seguito denominato dispositivo) quando si accede al nostro sito web. Il cookie ci consente di memorizzare e recuperare informazioni sulle vostre abitudini di navigazione, ovvero il numero di pagine visitate, la lingua utilizzata, l'identificazione della posizione da cui accedete, la frequenza e il numero di visite, la durata della visita, il browser o l'apparecchiatura con cui visitate il sito web.<\/p><p><strong>Rinnovo e cancellazione dei cookie : <\/strong>Tutti i browser consentono all'utente di accettare, rifiutare o eliminare i cookie selezionando le impostazioni avanzate del browser. I cookie possono essere configurati nel menu \"opzioni\" o \"preferenze\". Si noti, tuttavia, che la disabilitazione dei cookie pu\u00f2 impedire il corretto funzionamento di alcuni servizi web e pu\u00f2 compromettere parzialmente o totalmente la navigazione sul sito.<br \/>\u00c8 possibile configurare il browser in modo che i cookie non vengano memorizzati sul disco rigido o che i cookie precedentemente memorizzati vengano cancellati.<br \/>Per ulteriori informazioni su come configurare il vostro browser internet, consultate le istruzioni sul blocco e la cancellazione dei cookie nella funzione di aiuto del vostro browser o contattate direttamente il produttore del rispettivo software.<\/p><p><strong>Aggiornamento della politica sui cookie : <\/strong>La politica sui cookie pu\u00f2 essere modificata in qualsiasi momento in conformit\u00e0 con il nuovo GDPR e vi consigliamo di controllarne regolarmente il contenuto.<\/p><p><strong>Link ad altri siti web:<\/strong>I nostri servizi online contengono collegamenti ipertestuali ad altri siti web. Le informazioni sulla protezione dei dati qui presentate si applicano solo al nostro sito web. Vi invitiamo a verificare le politiche di protezione dei dati dei siti collegati. Non ci assumiamo alcuna responsabilit\u00e0 per i contenuti di terzi resi disponibili e specificamente identificati attraverso i collegamenti ipertestuali. Per i contenuti illegali, errati o incompleti, nonch\u00e9 per i danni derivanti dall'uso o dal mancato uso delle informazioni, \u00e8 responsabile solo il proprietario del sito web collegato.<\/p><p>USROBOT \u00e8 responsabile dei contenuti di terzi solo se \u00e8 consapevole che tali contenuti possono essere illegali o illeciti ed \u00e8 tecnicamente possibile e fattibile impedirne l'uso.<br \/><strong>Utilizzando la nostra piattaforma, l'utente accetta implicitamente la nostra Informativa sulla privacy.<\/strong><\/p><p>\u00a0<\/p>\t\t\t\t\t\t<\/div>\n\t\t\t\t<\/div>\n\t\t\t\t\t<\/div>\n\t\t\t\t<\/div>\n\t\t\t\t<\/div>\n\t\t\t\t<\/div>","protected":false},"excerpt":{"rendered":"<p>Lo scopo di questo documento \u00e8 quello di informare l'utente che USROBOT, LDA, con partita IVA 515 578 258, sede legale in Rua Cidade de Lisboa, N 14, parque insdustrial do arneiro 2660-456 Loures, nota come USROBOT, rispetta la privacy dei visitatori del proprio sito web e si adopera per proteggere le informazioni dell'utente, fornendo una panoramica [...]<\/p>","protected":false},"author":2,"featured_media":0,"parent":0,"menu_order":0,"comment_status":"closed","ping_status":"closed","template":"","meta":{"_acf_changed":false,"footnotes":""},"class_list":["post-11627","page","type-page","status-publish","hentry"],"acf":[],"yoast_head":"<!-- This site is optimized with the Yoast SEO plugin v22.7 - https:\/\/yoast.com\/wordpress\/plugins\/seo\/ -->\n<title>Pol\u00edtica de Privacidade - USRobot<\/title>\n<meta name=\"robots\" content=\"index, follow, max-snippet:-1, max-image-preview:large, max-video-preview:-1\" \/>\n<link rel=\"canonical\" href=\"https:\/\/usrobot.pt\/it\/politica-privacidade\/\" \/>\n<meta property=\"og:locale\" content=\"it_IT\" \/>\n<meta property=\"og:type\" content=\"article\" \/>\n<meta property=\"og:title\" content=\"Pol\u00edtica de Privacidade - USRobot\" \/>\n<meta property=\"og:description\" content=\"Este documento visa informar que a USROBOT, LDA\u00a0 com o NIF 515 578 258 sede na Rua Cidade de Lisboa, N 14, parque insdustrial do arneiro 2660-456 Loures designado por USROBOT, respeita a privacidade dos visitantes do seu Website e empreende todos os cuidados para proteger as suas informa\u00e7\u00f5es, dando-lhe aqui uma perspetiva geral da [&hellip;]\" \/>\n<meta property=\"og:url\" content=\"https:\/\/usrobot.pt\/it\/politica-privacidade\/\" \/>\n<meta property=\"og:site_name\" content=\"USRobot\" \/>\n<meta property=\"article:publisher\" content=\"https:\/\/www.facebook.com\/usrobotpt\/\" \/>\n<meta property=\"article:modified_time\" content=\"2024-05-23T17:24:59+00:00\" \/>\n<meta property=\"og:image\" content=\"https:\/\/usrobot.pt\/wp-content\/uploads\/2024\/05\/cropped-418883173_699265772326816_8724676471182385037_n.jpg\" \/>\n\t<meta property=\"og:image:width\" content=\"512\" \/>\n\t<meta property=\"og:image:height\" content=\"512\" \/>\n\t<meta property=\"og:image:type\" content=\"image\/jpeg\" \/>\n<meta name=\"twitter:card\" content=\"summary_large_image\" \/>\n<meta name=\"twitter:label1\" content=\"Tempo di lettura stimato\" \/>\n\t<meta name=\"twitter:data1\" content=\"7 minuti\" \/>\n<script type=\"application\/ld+json\" class=\"yoast-schema-graph\">{\"@context\":\"https:\/\/schema.org\",\"@graph\":[{\"@type\":\"WebPage\",\"@id\":\"https:\/\/usrobot.pt\/politica-privacidade\/\",\"url\":\"https:\/\/usrobot.pt\/politica-privacidade\/\",\"name\":\"Pol\u00edtica de Privacidade - USRobot\",\"isPartOf\":{\"@id\":\"https:\/\/usrobot.pt\/#website\"},\"datePublished\":\"2024-05-22T21:20:35+00:00\",\"dateModified\":\"2024-05-23T17:24:59+00:00\",\"breadcrumb\":{\"@id\":\"https:\/\/usrobot.pt\/politica-privacidade\/#breadcrumb\"},\"inLanguage\":\"it-IT\",\"potentialAction\":[{\"@type\":\"ReadAction\",\"target\":[\"https:\/\/usrobot.pt\/politica-privacidade\/\"]}]},{\"@type\":\"BreadcrumbList\",\"@id\":\"https:\/\/usrobot.pt\/politica-privacidade\/#breadcrumb\",\"itemListElement\":[{\"@type\":\"ListItem\",\"position\":1,\"name\":\"Home\",\"item\":\"https:\/\/usrobot.pt\/\"},{\"@type\":\"ListItem\",\"position\":2,\"name\":\"Pol\u00edtica de Privacidade\"}]},{\"@type\":\"WebSite\",\"@id\":\"https:\/\/usrobot.pt\/#website\",\"url\":\"https:\/\/usrobot.pt\/\",\"name\":\"USRobot\",\"description\":\"Solu\u00e7\u00f5es de automa\u00e7\u00e3o e rob\u00f3tica\",\"publisher\":{\"@id\":\"https:\/\/usrobot.pt\/#organization\"},\"potentialAction\":[{\"@type\":\"SearchAction\",\"target\":{\"@type\":\"EntryPoint\",\"urlTemplate\":\"https:\/\/usrobot.pt\/?s={search_term_string}\"},\"query-input\":\"required name=search_term_string\"}],\"inLanguage\":\"it-IT\"},{\"@type\":\"Organization\",\"@id\":\"https:\/\/usrobot.pt\/#organization\",\"name\":\"USRobot\",\"url\":\"https:\/\/usrobot.pt\/\",\"logo\":{\"@type\":\"ImageObject\",\"inLanguage\":\"it-IT\",\"@id\":\"https:\/\/usrobot.pt\/#\/schema\/logo\/image\/\",\"url\":\"https:\/\/usrobot.pt\/wp-content\/uploads\/2024\/05\/cropped-418883173_699265772326816_8724676471182385037_n.jpg\",\"contentUrl\":\"https:\/\/usrobot.pt\/wp-content\/uploads\/2024\/05\/cropped-418883173_699265772326816_8724676471182385037_n.jpg\",\"width\":512,\"height\":512,\"caption\":\"USRobot\"},\"image\":{\"@id\":\"https:\/\/usrobot.pt\/#\/schema\/logo\/image\/\"},\"sameAs\":[\"https:\/\/www.facebook.com\/usrobotpt\/\",\"https:\/\/www.instagram.com\/usrobot_pt\/\",\"https:\/\/www.linkedin.com\/company\/usrobot\/?originalSubdomain=pt\"]}]}<\/script>\n<!-- \/ Yoast SEO plugin. -->","yoast_head_json":{"title":"Pol\u00edtica de Privacidade - USRobot","robots":{"index":"index","follow":"follow","max-snippet":"max-snippet:-1","max-image-preview":"max-image-preview:large","max-video-preview":"max-video-preview:-1"},"canonical":"https:\/\/usrobot.pt\/it\/politica-privacidade\/","og_locale":"it_IT","og_type":"article","og_title":"Pol\u00edtica de Privacidade - USRobot","og_description":"Este documento visa informar que a USROBOT, LDA\u00a0 com o NIF 515 578 258 sede na Rua Cidade de Lisboa, N 14, parque insdustrial do arneiro 2660-456 Loures designado por USROBOT, respeita a privacidade dos visitantes do seu Website e empreende todos os cuidados para proteger as suas informa\u00e7\u00f5es, dando-lhe aqui uma perspetiva geral da [&hellip;]","og_url":"https:\/\/usrobot.pt\/it\/politica-privacidade\/","og_site_name":"USRobot","article_publisher":"https:\/\/www.facebook.com\/usrobotpt\/","article_modified_time":"2024-05-23T17:24:59+00:00","og_image":[{"width":512,"height":512,"url":"https:\/\/usrobot.pt\/wp-content\/uploads\/2024\/05\/cropped-418883173_699265772326816_8724676471182385037_n.jpg","type":"image\/jpeg"}],"twitter_card":"summary_large_image","twitter_misc":{"Tempo di lettura stimato":"7 minuti"},"schema":{"@context":"https:\/\/schema.org","@graph":[{"@type":"WebPage","@id":"https:\/\/usrobot.pt\/politica-privacidade\/","url":"https:\/\/usrobot.pt\/politica-privacidade\/","name":"Pol\u00edtica de Privacidade - USRobot","isPartOf":{"@id":"https:\/\/usrobot.pt\/#website"},"datePublished":"2024-05-22T21:20:35+00:00","dateModified":"2024-05-23T17:24:59+00:00","breadcrumb":{"@id":"https:\/\/usrobot.pt\/politica-privacidade\/#breadcrumb"},"inLanguage":"it-IT","potentialAction":[{"@type":"ReadAction","target":["https:\/\/usrobot.pt\/politica-privacidade\/"]}]},{"@type":"BreadcrumbList","@id":"https:\/\/usrobot.pt\/politica-privacidade\/#breadcrumb","itemListElement":[{"@type":"ListItem","position":1,"name":"Home","item":"https:\/\/usrobot.pt\/"},{"@type":"ListItem","position":2,"name":"Pol\u00edtica de Privacidade"}]},{"@type":"WebSite","@id":"https:\/\/usrobot.pt\/#website","url":"https:\/\/usrobot.pt\/","name":"USRobot","description":"Solu\u00e7\u00f5es de automa\u00e7\u00e3o e rob\u00f3tica","publisher":{"@id":"https:\/\/usrobot.pt\/#organization"},"potentialAction":[{"@type":"SearchAction","target":{"@type":"EntryPoint","urlTemplate":"https:\/\/usrobot.pt\/?s={search_term_string}"},"query-input":"required name=search_term_string"}],"inLanguage":"it-IT"},{"@type":"Organization","@id":"https:\/\/usrobot.pt\/#organization","name":"USRobot","url":"https:\/\/usrobot.pt\/","logo":{"@type":"ImageObject","inLanguage":"it-IT","@id":"https:\/\/usrobot.pt\/#\/schema\/logo\/image\/","url":"https:\/\/usrobot.pt\/wp-content\/uploads\/2024\/05\/cropped-418883173_699265772326816_8724676471182385037_n.jpg","contentUrl":"https:\/\/usrobot.pt\/wp-content\/uploads\/2024\/05\/cropped-418883173_699265772326816_8724676471182385037_n.jpg","width":512,"height":512,"caption":"USRobot"},"image":{"@id":"https:\/\/usrobot.pt\/#\/schema\/logo\/image\/"},"sameAs":["https:\/\/www.facebook.com\/usrobotpt\/","https:\/\/www.instagram.com\/usrobot_pt\/","https:\/\/www.linkedin.com\/company\/usrobot\/?originalSubdomain=pt"]}]}},"_links":{"self":[{"href":"https:\/\/usrobot.pt\/it\/wp-json\/wp\/v2\/pages\/11627","targetHints":{"allow":["GET"]}}],"collection":[{"href":"https:\/\/usrobot.pt\/it\/wp-json\/wp\/v2\/pages"}],"about":[{"href":"https:\/\/usrobot.pt\/it\/wp-json\/wp\/v2\/types\/page"}],"author":[{"embeddable":true,"href":"https:\/\/usrobot.pt\/it\/wp-json\/wp\/v2\/users\/2"}],"replies":[{"embeddable":true,"href":"https:\/\/usrobot.pt\/it\/wp-json\/wp\/v2\/comments?post=11627"}],"version-history":[{"count":40,"href":"https:\/\/usrobot.pt\/it\/wp-json\/wp\/v2\/pages\/11627\/revisions"}],"predecessor-version":[{"id":11700,"href":"https:\/\/usrobot.pt\/it\/wp-json\/wp\/v2\/pages\/11627\/revisions\/11700"}],"wp:attachment":[{"href":"https:\/\/usrobot.pt\/it\/wp-json\/wp\/v2\/media?parent=11627"}],"curies":[{"name":"wp","href":"https:\/\/api.w.org\/{rel}","templated":true}]}}